{"id":707,"date":"2018-04-28T12:55:55","date_gmt":"2018-04-28T10:55:55","guid":{"rendered":"http:\/\/marina-resort.de\/?page_id=707"},"modified":"2026-03-15T21:59:45","modified_gmt":"2026-03-15T19:59:45","slug":"datenschutzerklaerung","status":"publish","type":"page","link":"https:\/\/marina-resort.de\/?page_id=707","title":{"rendered":"Datenschutzerkl\u00e4rung"},"content":{"rendered":"<p><strong> Datenschutzerkl\u00e4rung<\/strong><\/p>\n<p>Die Nutzung unserer Seite ist ohne eine Angabe von personenbezogenen Daten m\u00f6glich. F\u00fcr die Nutzung einzelner Services unserer Seite k\u00f6nnen sich hierf\u00fcr abweichende Regelungen ergeben, die in diesem Falle nachstehend gesondert erl\u00e4utert werden. Ihre personenbezogenen Daten (z.B. Name, Anschrift, E-Mail, Telefonnummer, u.\u00e4.) werden von uns nur gem\u00e4\u00df den Bestimmungen des deutschen Datenschutzrechts verarbeitet. Daten sind dann personenbezogen, wenn sie eindeutig einer bestimmten nat\u00fcrlichen Person zugeordnet werden k\u00f6nnen. Die rechtlichen Grundlagen des Datenschutzes finden Sie im Bundesdatenschutzgesetz (BDSG) und dem Telemediengesetz (TMG). Nachstehende Regelungen informieren Sie insoweit \u00fcber die Art, den Umfang und Zweck der Erhebung, die Nutzung und die Verarbeitung von personenbezogenen Daten durch den Anbieter<\/p>\n<p><strong>Gabriela und Michael Kruse, Am See 7 in 21522 Hohnstorf\/Elbe<br \/>\n<\/strong><\/p>\n<p><strong>Tel. 04139\/699324<\/strong><\/p>\n<p><strong>E-Mail: krusegaby(at)t-online.de<\/strong><\/p>\n<p>Wir weisen darauf hin, dass die internetbasierte Daten\u00fcbertragung Sicherheitsl\u00fccken aufweist, ein l\u00fcckenloser Schutz vor Zugriffen durch Dritte somit unm\u00f6glich ist.<\/p>\n<p><strong>Kontaktm\u00f6glichkeit<\/strong><\/p>\n<p>Wir bieten Ihnen auf unserer Seite die M\u00f6glichkeit, mit uns per E-Mail und\/oder \u00fcber ein Kontaktformular in Verbindung zu treten. In diesem Fall werden die vom Nutzer gemachten Angaben zum Zwecke der Bearbeitung seiner Kontaktaufnahme gespeichert. Eine Weitergabe an Dritte erfolgt nicht. Ein Abgleich der so erhobenen Daten mit Daten, die m\u00f6glicherweise durch andere Komponenten unserer Seite erhoben werden, erfolgt ebenfalls nicht.<\/p>\n<p><strong>Einsatz von Google-Maps und Recaptcha<br \/>\n<\/strong><\/p>\n<p>Wir setzen auf unserer Seite die Komponente &#8222;Google Maps&#8220; der Firma Google Inc., 1600 Amphitheatre Parkway, Mountain View, CA 94043 USA, nachfolgend \u201eGoogle\u201c, ein.<\/p>\n<p>Bei jedem einzelnen Aufruf der Komponente &#8222;Google Maps&#8220; wird von Google ein Cookie gesetzt, um bei der Anzeige der Seite, auf der die Komponente &#8222;Google Maps&#8220; integriert ist, Nutzereinstellungen und -daten zu verarbeiten. Dieses Cookie wird im Regelfall nicht durch das Schlie\u00dfen des Browsers gel\u00f6scht, sondern l\u00e4uft nach einer bestimmten Zeit ab, soweit es nicht von Ihnen zuvor manuell gel\u00f6scht wird.<\/p>\n<p>Wenn Sie mit dieser Verarbeitung Ihrer Daten nicht einverstanden sind, so besteht die M\u00f6glichkeit, den Service von &#8222;Google Maps&#8220; zu deaktivieren und auf diesem Weg die \u00dcbertragung von Daten an Google zu verhindern. Dazu m\u00fcssen Sie die Java-Script-Funktion in Ihrem Browser deaktivieren. Wir weisen Sie jedoch darauf hin, dass Sie in diesem Fall die &#8222;Google Maps&#8220; nicht oder nur eingeschr\u00e4nkt nutzen k\u00f6nnen.<\/p>\n<p>Die Nutzung von &#8222;Google Maps&#8220; und der \u00fcber &#8222;Google Maps&#8220; erlangten Informationen erfolgt gem\u00e4\u00df den\u00a0Google-Nutzungsbedingungen<\/p>\n<p><a href=\"http:\/\/www.google.de\/intl\/de\/policies\/terms\/regional.html\">http:\/\/www.google.de\/intl\/de\/policies\/terms\/regional.html<\/a><\/p>\n<p>sowie der zus\u00e4tzlichen\u00a0Gesch\u00e4ftsbedingungen f\u00fcr \u201eGoogle Maps\u201c<\/p>\n<p><strong>Einsatz von Instagram<\/strong><\/p>\n<p>Wir setzen auf unserer Website den Dienst Instagram ein. Instagram ist ein Service der Instagram Inc. Durch den eingebundenen \u201eInsta\u201c-Button auf unsere Seite erh\u00e4lt Instagram die Information, dass Sie die entsprechende Seite unseres Internetauftritts aufgerufen haben. Sind Sie bei Instagram eingeloggt, kann Instagram diesen Besuch auf unserer Seite Ihrem Instagram -Konto zuordnen und die Daten somit verkn\u00fcpfen. Die durch Anklicken des \u201eInsta\u201c-Buttons \u00fcbermittelten Daten werden von Instagram gespeichert. Zu Zweck und Umfang der Datenerhebung, deren Verarbeitung und Nutzung sowie Ihren diesbez\u00fcglichen Rechten und Einstellungsm\u00f6glichkeiten zum Schutz Ihrer Privatsph\u00e4re erhalten Sie weitere Informationen in den Instagram -Datenschutzhinweisen, die Sie \u00fcber <a href=\"https:\/\/help.instagram.com\/155833707900388\">https:\/\/help.instagram.com\/155833707900388<\/a> abrufen k\u00f6nnen.<\/p>\n<p>Um zu verhindern, dass Instagram den Besuch unserer Seite Ihrem Instagram-Konto zuordnen kann, m\u00fcssen Sie sich vor dem Besuch unserer Seite von Ihrem Instagram-Account abmelden.<\/p>\n<p><strong>Auskunft\/Widerruf\/L\u00f6schung<\/strong><\/p>\n<p>Sie k\u00f6nnen sich aufgrund des Bundesdatenschutzgesetzes bei Fragen zur Erhebung, Verarbeitung oder Nutzung Ihrer personenbezogenen Daten und deren Berichtigung, Sperrung, L\u00f6schung oder einem Widerruf einer erteilten Einwilligung unentgeltlich an uns wenden. Wir weisen darauf hin, dass Ihnen ein Recht auf Berichtigung falscher Daten oder L\u00f6schung personenbezogener Daten zusteht, sollte diesem Anspruch keine gesetzliche Aufbewahrungspflicht entgegenstehen.<\/p>\n<p><strong>Online-Streitbeilegung<\/strong><\/p>\n<p><span class=\"mtext2\">Hinweis zur Online-Streitbeilegung gem\u00e4\u00df Art. 14 Abs. 1 ODR-VO: Die Europ\u00e4ische Kommission stellt eine Plattform zur Online-Streitbeilegung (OS) bereit, die Sie unter <a href=\"https:\/\/news.dtvdata.de\/ncopen.php?nid=3016&amp;aid=66415&amp;apid=0&amp;url=http:\/\/ec.europa.eu\/consumers\/odr\/\">http:\/\/ec.europa.eu\/consumers\/odr\/<\/a> finden.<\/span><\/p>\n<p><strong><a href=\"https:\/\/www.ratgeberrecht.eu\/leistungen\/muster-datenschutzerklaerung.html\">Muster-Datenschutzerkl\u00e4rung<\/a> der <\/strong><a href=\"https:\/\/www.ratgeberrecht.eu\/\"><strong>Anwaltskanzlei Wei\u00df &amp; Partner<\/strong><\/a><\/p>\n<p style=\"margin: 0cm 0cm 4.4pt 0cm;\"><strong><span style=\"font-size: 11.0pt; font-family: 'Arial','sans-serif'; color: #595959;\">Widerruf Ihrer Einwilligung zur Datenverarbeitung<\/span><\/strong><\/p>\n<p style=\"margin: 0cm 0cm 4.4pt 0cm;\"><span style=\"font-size: 11.0pt; font-family: 'Arial','sans-serif'; color: #595959;\">Nur mit Ihrer ausdr\u00fccklichen Einwilligung sind einige Vorg\u00e4nge der Datenverarbeitung m\u00f6glich. Ein Widerruf Ihrer bereits erteilten Einwilligung ist jederzeit m\u00f6glich. F\u00fcr den Widerruf gen\u00fcgt eine formlose Mitteilung per E-Mail. Die Rechtm\u00e4\u00dfigkeit der bis zum Widerruf erfolgten Datenverarbeitung bleibt vom Widerruf unber\u00fchrt.<\/span><\/p>\n<p style=\"margin: 0cm 0cm 4.4pt 0cm;\"><strong><span style=\"font-size: 11.0pt; font-family: 'Arial','sans-serif'; color: #595959;\">Recht auf Beschwerde bei der zust\u00e4ndigen Aufsichtsbeh\u00f6rde<\/span><\/strong><\/p>\n<p style=\"margin: 0cm 0cm 4.4pt 0cm;\"><span style=\"font-size: 11.0pt; font-family: 'Arial','sans-serif'; color: #595959;\">Als Betroffener steht Ihnen im Falle eines datenschutzrechtlichen Versto\u00dfes ein Beschwerderecht bei der zust\u00e4ndigen Aufsichtsbeh\u00f6rde zu. Zust\u00e4ndige Aufsichtsbeh\u00f6rde bez\u00fcglich datenschutzrechtlicher Fragen ist der Landesdatenschutzbeauftragte des Bundeslandes, in dem sich der Sitz unseres Unternehmens befindet. Der folgende Link stellt eine Liste der Datenschutzbeauftragten sowie deren Kontaktdaten bereit:\u00a0<\/span><span style=\"font-size: 11.0pt; font-family: 'Arial','sans-serif';\"><a href=\"https:\/\/www.bfdi.bund.de\/DE\/Infothek\/Anschriften_Links\/anschriften_links-node.html\" target=\"_blank\" rel=\"noopener\"><span style=\"color: #d44249; text-decoration: none; text-underline: none;\">https:\/\/www.bfdi.bund.de\/DE\/Infothek\/Anschriften_Links\/anschriften_links-node.html<\/span><\/a><span style=\"color: #595959;\">.<\/span><\/span><\/p>\n<p style=\"margin: 0cm 0cm 4.4pt 0cm;\"><strong><span style=\"font-size: 11.0pt; font-family: 'Arial','sans-serif'; color: #595959;\">Recht auf Daten\u00fcbertragbarkeit<\/span><\/strong><\/p>\n<p style=\"margin: 0cm 0cm 4.4pt 0cm;\"><span style=\"font-size: 11.0pt; font-family: 'Arial','sans-serif'; color: #595959;\">Ihnen steht das Recht zu, Daten, die wir auf Grundlage Ihrer Einwilligung oder in Erf\u00fcllung eines Vertrags automatisiert verarbeiten, an sich oder an Dritte aush\u00e4ndigen zu lassen. Die Bereitstellung erfolgt in einem maschinenlesbaren Format. Sofern Sie die direkte \u00dcbertragung der Daten an einen anderen Verantwortlichen verlangen, erfolgt dies nur, soweit es technisch machbar ist.<\/span><\/p>\n<p style=\"margin: 0cm 0cm 4.4pt 0cm;\"><strong><span style=\"font-size: 11.0pt; font-family: 'Arial','sans-serif'; color: #595959;\">Recht auf Auskunft, Berichtigung, Sperrung, L\u00f6schung<\/span><\/strong><\/p>\n<p style=\"margin: 0cm 0cm 4.4pt 0cm;\"><span style=\"font-size: 11.0pt; font-family: 'Arial','sans-serif'; color: #595959;\">Sie haben jederzeit im Rahmen der geltenden gesetzlichen Bestimmungen das Recht auf unentgeltliche Auskunft \u00fcber Ihre gespeicherten personenbezogenen Daten, Herkunft der Daten, deren Empf\u00e4nger und den Zweck der Datenverarbeitung und ggf. ein Recht auf Berichtigung, Sperrung oder L\u00f6schung dieser Daten. Diesbez\u00fcglich und auch zu weiteren Fragen zum Thema personenbezogene Daten k\u00f6nnen Sie sich jederzeit \u00fcber die im Impressum aufgef\u00fchrten Kontaktm\u00f6glichkeiten an uns wenden.<\/span><\/p>\n<p style=\"margin: 0cm 0cm 4.4pt 0cm;\"><strong><span style=\"font-size: 11.0pt; font-family: 'Arial','sans-serif'; color: #595959;\">SSL- bzw. TLS-Verschl\u00fcsselung<\/span><\/strong><\/p>\n<p style=\"margin: 0cm 0cm 4.4pt 0cm;\"><span style=\"font-size: 11.0pt; font-family: 'Arial','sans-serif'; color: #595959;\">Aus Sicherheitsgr\u00fcnden und zum Schutz der \u00dcbertragung vertraulicher Inhalte, die Sie an uns als Seitenbetreiber senden, nutzt unsere Website eine SSL-bzw. TLS-Verschl\u00fcsselung. Damit sind Daten, die Sie \u00fcber diese Website \u00fcbermitteln, f\u00fcr Dritte nicht mitlesbar. Sie erkennen eine verschl\u00fcsselte Verbindung an der \u201ehttps:\/\/\u201c Adresszeile Ihres Browsers und am Schloss-Symbol in der Browserzeile.<\/span><\/p>\n<p style=\"margin: 0cm 0cm 4.4pt 0cm;\"><strong><span style=\"font-size: 11.0pt; font-family: 'Arial','sans-serif'; color: #595959;\">YouTube<\/span><\/strong><\/p>\n<p style=\"margin: 0cm 0cm 4.4pt 0cm;\"><span style=\"font-size: 11.0pt; font-family: 'Arial','sans-serif'; color: #595959;\">F\u00fcr Integration und Darstellung von Videoinhalten nutzt unsere Website Plugins von YouTube. Anbieter des Videoportals ist die YouTube, LLC, 901 Cherry Ave., San Bruno, CA 94066, USA.<\/span><\/p>\n<p style=\"margin: 0cm 0cm 4.4pt 0cm;\"><span style=\"font-size: 11.0pt; font-family: 'Arial','sans-serif'; color: #595959;\">Bei Aufruf einer Seite mit integriertem YouTube-Plugin wird eine Verbindung zu den Servern von YouTube hergestellt. YouTube erf\u00e4hrt hierdurch, welche unserer Seiten Sie aufgerufen haben.<\/span><\/p>\n<p style=\"margin: 0cm 0cm 4.4pt 0cm;\"><span style=\"font-size: 11.0pt; font-family: 'Arial','sans-serif'; color: #595959;\">YouTube kann Ihr Surfverhalten direkt Ihrem pers\u00f6nlichen Profil zuzuordnen, sollten Sie in Ihrem YouTube Konto eingeloggt sein. Durch vorheriges Ausloggen haben Sie die M\u00f6glichkeit, dies zu unterbinden.<\/span><\/p>\n<p style=\"margin: 0cm 0cm 4.4pt 0cm;\"><span style=\"font-size: 11.0pt; font-family: 'Arial','sans-serif'; color: #595959;\">Die Nutzung von YouTube erfolgt im Interesse einer ansprechenden Darstellung unserer Online-Angebote. Dies stellt ein berechtigtes Interesse im Sinne von Art. 6 Abs. 1 lit. f DSGVO dar.<\/span><\/p>\n<p style=\"margin: 0cm 0cm 4.4pt 0cm;\"><span style=\"font-size: 11.0pt; font-family: 'Arial','sans-serif'; color: #595959;\">Einzelheiten zum Umgang mit Nutzerdaten finden Sie in der Datenschutzerkl\u00e4rung von YouTube unter:\u00a0<\/span><span style=\"font-size: 11.0pt; font-family: 'Arial','sans-serif';\"><a href=\"https:\/\/www.google.de\/intl\/de\/policies\/privacy\"><span style=\"color: #d44249; text-decoration: none; text-underline: none;\">https:\/\/www.google.de\/intl\/de\/policies\/privacy<\/span><\/a><span style=\"color: #595959;\">.<\/span><\/span><\/p>\n<p style=\"margin: 0cm 0cm 4.4pt 0cm;\"><strong><span style=\"font-size: 11.0pt; font-family: 'Arial','sans-serif'; color: #595959;\">Cookies<\/span><\/strong><\/p>\n<p style=\"margin: 0cm 0cm 4.4pt 0cm;\"><span style=\"font-size: 11.0pt; font-family: 'Arial','sans-serif'; color: #595959;\">Unsere Website verwendet Cookies. Das sind kleine Textdateien, die Ihr Webbrowser auf Ihrem Endger\u00e4t speichert. Cookies helfen uns dabei, unser Angebot nutzerfreundlicher, effektiver und sicherer zu machen.<\/span><\/p>\n<p style=\"margin: 0cm 0cm 4.4pt 0cm;\"><span style=\"font-size: 11.0pt; font-family: 'Arial','sans-serif'; color: #595959;\">Einige Cookies sind \u201cSession-Cookies.\u201d Solche Cookies werden nach Ende Ihrer Browser-Sitzung von selbst gel\u00f6scht. Hingegen bleiben andere Cookies auf Ihrem Endger\u00e4t bestehen, bis Sie diese selbst l\u00f6schen. Solche Cookies helfen uns, Sie bei R\u00fcckkehr auf unserer Website wiederzuerkennen.<\/span><\/p>\n<p style=\"margin: 0cm 0cm 4.4pt 0cm;\"><span style=\"font-size: 11.0pt; font-family: 'Arial','sans-serif'; color: #595959;\">Mit einem modernen Webbrowser k\u00f6nnen Sie das Setzen von Cookies \u00fcberwachen, einschr\u00e4nken oder unterbinden. Viele Webbrowser lassen sich so konfigurieren, dass Cookies mit dem Schlie\u00dfen des Programms von selbst gel\u00f6scht werden. Die Deaktivierung von Cookies kann eine eingeschr\u00e4nkte Funktionalit\u00e4t unserer Website zur Folge haben.<\/span><\/p>\n<p style=\"margin: 0cm 0cm 4.4pt 0cm;\"><span style=\"font-size: 11.0pt; font-family: 'Arial','sans-serif'; color: #595959;\">Das Setzen von Cookies, die zur Aus\u00fcbung elektronischer Kommunikationsvorg\u00e4nge oder der Bereitstellung bestimmter, von Ihnen erw\u00fcnschter Funktionen (z.B. Warenkorb) notwendig sind, erfolgt auf Grundlage von Art. 6 Abs. 1 lit. f DSGVO. Als Betreiber dieser Website haben wir ein berechtigtes Interesse an der Speicherung von Cookies zur technisch fehlerfreien und reibungslosen Bereitstellung unserer Dienste. Sofern die Setzung anderer Cookies (z.B. f\u00fcr Analyse-Funktionen) erfolgt, werden diese in dieser Datenschutzerkl\u00e4rung separat behandelt.<\/span><\/p>\n<p style=\"margin: 0cm 0cm 4.4pt 0cm;\"><strong><span style=\"font-size: 11.0pt; font-family: 'Arial','sans-serif'; color: #595959;\">Google AdWords und Google Conversion-Tracking<\/span><\/strong><\/p>\n<p style=\"margin: 0cm 0cm 4.4pt 0cm;\"><span style=\"font-size: 11.0pt; font-family: 'Arial','sans-serif'; color: #595959;\">Unsere Website verwendet Google AdWords. Anbieter ist die Google Inc., 1600 Amphitheatre Parkway, Mountain View, CA 94043, United States.<\/span><\/p>\n<p style=\"margin: 0cm 0cm 4.4pt 0cm;\"><span style=\"font-size: 11.0pt; font-family: 'Arial','sans-serif'; color: #595959;\">AdWords ist ein Online-Werbeprogramm. Im Rahmen des Online-Werbeprogramms arbeiten wir mit Conversion-Tracking. Nach einem Klick auf eine von Google geschaltete Anzeige wird ein Cookie f\u00fcr das Conversion-Tracking gesetzt. Cookies sind kleine Textdateien, die Ihr Webbrowser auf Ihrem Endger\u00e4t speichert. Google AdWords Cookies verlieren nach 30 Tagen ihre G\u00fcltigkeit und dienen nicht der pers\u00f6nlichen Identifizierung der Nutzer. Am Cookie k\u00f6nnen Google und wir erkennen, dass Sie auf eine Anzeige geklickt haben und zu unserer Website weitergeleitet wurden.<\/span><\/p>\n<p style=\"margin: 0cm 0cm 4.4pt 0cm;\"><span style=\"font-size: 11.0pt; font-family: 'Arial','sans-serif'; color: #595959;\">Jeder Google AdWords-Kunde erh\u00e4lt ein anderes Cookie. Die Cookies sind nicht \u00fcber Websites von AdWords-Kunden nachverfolgbar. Mit Conversion-Cookies werden Conversion-Statistiken f\u00fcr AdWords-Kunden, die Conversion-Tracking einsetzen, erstellt. Adwords-Kunden erfahren wie viele Nutzer auf ihre Anzeige geklickt haben und auf Seiten mit Conversion-Tracking-Tag weitergeleitet wurden. AdWords-Kunden erhalten jedoch keine Informationen, die eine pers\u00f6nliche Identifikation der Nutzer erm\u00f6glichen. Wenn Sie nicht am Tracking teilnehmen m\u00f6chten, k\u00f6nnen Sie einer Nutzung widersprechen. Hier ist das Conversion-Cookie in den Nutzereinstellungen des Browsers zu deaktivieren. So findet auch keine Aufnahme in die Conversion-Tracking Statistiken statt.<\/span><\/p>\n<p style=\"margin: 0cm 0cm 4.4pt 0cm;\"><span style=\"font-size: 11.0pt; font-family: 'Arial','sans-serif'; color: #595959;\">Die Speicherung von \u201cConversion-Cookies\u201d erfolgt auf Grundlage von Art. 6 Abs. 1 lit. f DSGVO. Wir als Websitebetreiber haben ein berechtigtes Interesse an der Analyse des Nutzerverhaltens, um unser Webangebot und unsere Werbung zu optimieren.<\/span><\/p>\n<p style=\"margin: 0cm 0cm 4.4pt 0cm;\"><span style=\"font-size: 11.0pt; font-family: 'Arial','sans-serif'; color: #595959;\">Einzelheiten zu Google AdWords und Google Conversion-Tracking finden Sie in den Datenschutzbestimmungen von Google:\u00a0<\/span><span style=\"font-size: 11.0pt; font-family: 'Arial','sans-serif';\"><a href=\"https:\/\/www.google.de\/policies\/privacy\/\"><span style=\"color: #d44249; text-decoration: none; text-underline: none;\">https:\/\/www.google.de\/policies\/privacy\/<\/span><\/a><span style=\"color: #595959;\">.<\/span><\/span><\/p>\n<p>Mit einem modernen Webbrowser k\u00f6nnen Sie das Setzen von Cookies \u00fcberwachen, einschr\u00e4nken oder unterbinden. Die Deaktivierung von Cookies kann eine eingeschr\u00e4nkte Funktionalit\u00e4t unserer Website zur Folge haben.<\/p>\n<p><strong>Google Web Fonts<\/strong><\/p>\n<p>Unsere Website verwendet Web Fonts von Google. Anbieter ist die Google Inc., 1600 Amphitheatre Parkway, Mountain View, CA 94043, USA.<\/p>\n<p>Durch den Einsatz dieser Web Fonts wird es m\u00f6glich Ihnen die von uns gew\u00fcnschte Darstellung unserer Website zu pr\u00e4sentieren, unabh\u00e4ngig davon welche Schriften Ihnen lokal zur Verf\u00fcgung stehen. Dies erfolgt \u00fcber den Abruf der Google Web Fonts von einem Server von Google in den USA und der damit verbundenen Weitergabe Ihre Daten an Google. Dabei handelt es sich um Ihre IP-Adresse und welche Seite Sie bei uns besucht haben. Der Einsatz von Google Web Fonts erfolgt auf Grundlage von Art. 6 Abs. 1 lit. f DSGVO. Als Betreiber dieser Website haben wir ein berechtigtes Interesse an der optimalen Darstellung und \u00dcbertragung unseres Webauftritts.<\/p>\n<p>Das Unternehmen Google ist f\u00fcr das us-europ\u00e4ische Datenschutz\u00fcbereinkommen &#8222;Privacy Shield&#8220; zertifiziert. Dieses Datenschutz\u00fcbereinkommen soll die Einhaltung des in der EU geltenden Datenschutzniveaus gew\u00e4hrleisten.<\/p>\n<p>Einzelheiten \u00fcber Google Web Fonts finden Sie unter:\u00a0<a href=\"https:\/\/www.google.com\/fonts#AboutPlace:about\">https:\/\/www.google.com\/fonts#AboutPlace:about<\/a>\u00a0und weitere Informationen in den Datenschutzbestimmungen von Google:\u00a0<a href=\"https:\/\/policies.google.com\/privacy\/partners?hl=de\">https:\/\/policies.google.com\/privacy\/partners?hl=de<\/a><\/p>\n<p>Quelle: Datenschutz-Konfigurator von\u00a0<a href=\"http:\/\/www.mein-datenschutzbeauftragter.de\/\">mein-datenschutzbeauftragter.de<\/a><\/p>\n<h6 style=\"margin: 0cm 0cm 4.4pt 0cm;\"><span style=\"font-size: 6.0pt; font-family: 'Helvetica','sans-serif'; color: #595959;\">\u00a0<\/span><\/h6>\n<p style=\"margin: 0cm 0cm 4.4pt 0cm;\"><strong><span style=\"font-size: 6.0pt; font-family: 'Helvetica','sans-serif'; color: #595959;\">\u00a0<\/span><\/strong><\/p>\n<p style=\"margin: 0cm 0cm 4.4pt 0cm;\"><span style=\"font-size: 6.0pt; font-family: 'Helvetica','sans-serif'; color: #595959;\">\u00a0<\/span><\/p>\n<p style=\"margin: 0cm 0cm 4.4pt 0cm;\"><strong><span style=\"font-size: 6.0pt; font-family: 'Helvetica','sans-serif'; color: #595959;\">\u00a0<\/span><\/strong><\/p>\n<p style=\"margin: 0cm 0cm 4.4pt 0cm;\"><span style=\"font-size: 6.0pt; font-family: 'Helvetica','sans-serif'; color: #595959;\">\u00a0<\/span><\/p>\n<p style=\"margin: 0cm 0cm 4.4pt 0cm;\"><strong><span style=\"font-size: 6.0pt; font-family: 'Helvetica','sans-serif'; color: #595959;\">\u00a0<\/span><\/strong><\/p>\n<p style=\"margin: 0cm 0cm 4.4pt 0cm;\"><span style=\"font-size: 6.0pt; font-family: 'Helvetica','sans-serif'; color: #595959;\">\u00a0<\/span><\/p>\n<p style=\"margin: 0cm 0cm 4.4pt 0cm;\"><span style=\"font-size: 6.0pt; font-family: 'Helvetica','sans-serif'; color: #595959;\">\u00a0<\/span><\/p>\n<p style=\"margin: 0cm 0cm 4.4pt 0cm;\"><span style=\"font-size: 6.0pt; font-family: 'Helvetica','sans-serif'; color: #595959;\">\u00a0<\/span><\/p>\n<p style=\"margin: 0cm 0cm 4.4pt 0cm;\"><strong><span style=\"font-size: 6.0pt; font-family: 'Helvetica','sans-serif'; color: #595959;\">\u00a0<\/span><\/strong><\/p>\n<p style=\"margin: 0cm 0cm 4.4pt 0cm;\">\n<p style=\"margin: 0cm 0cm 4.4pt 0cm;\"><span style=\"font-size: 6.0pt; font-family: 'Helvetica','sans-serif'; color: #595959;\">\u00a0<\/span><\/p>\n<p style=\"margin: 0cm 0cm 4.4pt 0cm;\"><span style=\"font-size: 6.0pt; font-family: 'Helvetica','sans-serif'; color: #595959;\">\u00a0<\/span><\/p>\n<p style=\"margin: 0cm 0cm 4.4pt 0cm;\"><strong><span style=\"font-size: 6.0pt; font-family: 'Helvetica','sans-serif'; color: #595959;\">\u00a0<\/span><\/strong><\/p>\n<p style=\"margin: 0cm 0cm 4.4pt 0cm;\"><span style=\"font-size: 6.0pt; font-family: 'Helvetica','sans-serif'; color: #595959;\">\u00a0<\/span><\/p>\n<p style=\"margin: 0cm 0cm 4.4pt 0cm;\"><span style=\"font-size: 6.0pt; font-family: 'Helvetica','sans-serif'; color: #595959;\">\u00a0<\/span><\/p>\n<p style=\"margin: 0cm 0cm 4.4pt 0cm;\"><span style=\"font-size: 6.0pt; font-family: 'Helvetica','sans-serif'; color: #595959;\">\u00a0<\/span><\/p>\n<p style=\"margin: 0cm 0cm 4.4pt 0cm;\"><strong><span style=\"font-size: 6.0pt; font-family: 'Helvetica','sans-serif'; color: #595959;\">\u00a0<\/span><\/strong><\/p>\n<p style=\"margin: 0cm 0cm 4.4pt 0cm;\">\n<p style=\"margin: 0cm 0cm 4.4pt 0cm;\"><span style=\"font-size: 6.0pt; font-family: 'Helvetica','sans-serif'; color: #595959;\">\u00a0<\/span><\/p>\n<p style=\"margin: 0cm 0cm 4.4pt 0cm;\">\n","protected":false},"excerpt":{"rendered":"<p>Datenschutzerkl\u00e4rung Die Nutzung unserer Seite ist ohne eine Angabe von personenbezogenen Daten m\u00f6glich. F\u00fcr die Nutzung einzelner Services unserer Seite k\u00f6nnen sich [&hellip;]<\/p>\n","protected":false},"author":1,"featured_media":0,"parent":0,"menu_order":0,"comment_status":"closed","ping_status":"closed","template":"","meta":{"footnotes":""},"class_list":["post-707","page","type-page","status-publish","hentry"],"_links":{"self":[{"href":"https:\/\/marina-resort.de\/index.php?rest_route=\/wp\/v2\/pages\/707","targetHints":{"allow":["GET"]}}],"collection":[{"href":"https:\/\/marina-resort.de\/index.php?rest_route=\/wp\/v2\/pages"}],"about":[{"href":"https:\/\/marina-resort.de\/index.php?rest_route=\/wp\/v2\/types\/page"}],"author":[{"embeddable":true,"href":"https:\/\/marina-resort.de\/index.php?rest_route=\/wp\/v2\/users\/1"}],"replies":[{"embeddable":true,"href":"https:\/\/marina-resort.de\/index.php?rest_route=%2Fwp%2Fv2%2Fcomments&post=707"}],"version-history":[{"count":6,"href":"https:\/\/marina-resort.de\/index.php?rest_route=\/wp\/v2\/pages\/707\/revisions"}],"predecessor-version":[{"id":924,"href":"https:\/\/marina-resort.de\/index.php?rest_route=\/wp\/v2\/pages\/707\/revisions\/924"}],"wp:attachment":[{"href":"https:\/\/marina-resort.de\/index.php?rest_route=%2Fwp%2Fv2%2Fmedia&parent=707"}],"curies":[{"name":"wp","href":"https:\/\/api.w.org\/{rel}","templated":true}]}}