{"id":508,"date":"2016-05-08T14:42:43","date_gmt":"2016-05-08T12:42:43","guid":{"rendered":"http:\/\/marina-resort.de\/?page_id=508"},"modified":"2020-10-18T10:49:34","modified_gmt":"2020-10-18T08:49:34","slug":"freizeittips","status":"publish","type":"page","link":"https:\/\/marina-resort.de\/?page_id=508","title":{"rendered":"Freizeittips"},"content":{"rendered":"<p><span style=\"font-family: Architects Daughter,arial ,helvetica,sans-serif; font-size: 18pt; color: #444444;\"><br \/>\nLiebe G\u00e4ste,<br \/>\n<\/span><span style=\"font-family: Architects Daughter,arial ,helvetica,sans-serif; font-size: 18pt; color: #444444;\"><br \/>\nEntdecken Sie die Ostseeregion. Auf Sie warten viele Aktivit\u00e4ten, Ruhe und Entspannung und ein umfangreiches Kulturangebot. Wir haben f\u00fcr Sie einige Anregungen zusammengestellt.<\/span><\/p>\n<div id='gallery-1' class='gallery galleryid-508 gallery-columns-3 gallery-size-medium'><figure class='gallery-item'>\n\t\t\t<div class='gallery-icon landscape'>\n\t\t\t\t<img loading=\"lazy\" decoding=\"async\" width=\"300\" height=\"169\" src=\"https:\/\/marina-resort.de\/wp-content\/uploads\/2019\/01\/Surfer-1-300x169.jpg\" class=\"attachment-medium size-medium\" alt=\"\" aria-describedby=\"gallery-1-812\" srcset=\"https:\/\/marina-resort.de\/wp-content\/uploads\/2019\/01\/Surfer-1-300x169.jpg 300w, https:\/\/marina-resort.de\/wp-content\/uploads\/2019\/01\/Surfer-1-768x432.jpg 768w, https:\/\/marina-resort.de\/wp-content\/uploads\/2019\/01\/Surfer-1-1024x576.jpg 1024w, https:\/\/marina-resort.de\/wp-content\/uploads\/2019\/01\/Surfer-1-830x467.jpg 830w, https:\/\/marina-resort.de\/wp-content\/uploads\/2019\/01\/Surfer-1-230x129.jpg 230w, https:\/\/marina-resort.de\/wp-content\/uploads\/2019\/01\/Surfer-1-350x197.jpg 350w, https:\/\/marina-resort.de\/wp-content\/uploads\/2019\/01\/Surfer-1-480x270.jpg 480w, https:\/\/marina-resort.de\/wp-content\/uploads\/2019\/01\/Surfer-1-e1548587081192.jpg 1920w\" sizes=\"auto, (max-width: 300px) 100vw, 300px\" \/>\n\t\t\t<\/div>\n\t\t\t\t<figcaption class='wp-caption-text gallery-caption' id='gallery-1-812'>\n\t\t\t\tKitesurfen am Naturstrand\n\t\t\t\t<\/figcaption><\/figure><figure class='gallery-item'>\n\t\t\t<div class='gallery-icon landscape'>\n\t\t\t\t<img loading=\"lazy\" decoding=\"async\" width=\"300\" height=\"169\" src=\"https:\/\/marina-resort.de\/wp-content\/uploads\/2019\/01\/Molli-300x169.jpg\" class=\"attachment-medium size-medium\" alt=\"\" aria-describedby=\"gallery-1-785\" srcset=\"https:\/\/marina-resort.de\/wp-content\/uploads\/2019\/01\/Molli-300x169.jpg 300w, https:\/\/marina-resort.de\/wp-content\/uploads\/2019\/01\/Molli-768x432.jpg 768w, https:\/\/marina-resort.de\/wp-content\/uploads\/2019\/01\/Molli-1024x576.jpg 1024w, https:\/\/marina-resort.de\/wp-content\/uploads\/2019\/01\/Molli-830x467.jpg 830w, https:\/\/marina-resort.de\/wp-content\/uploads\/2019\/01\/Molli-230x129.jpg 230w, https:\/\/marina-resort.de\/wp-content\/uploads\/2019\/01\/Molli-350x197.jpg 350w, https:\/\/marina-resort.de\/wp-content\/uploads\/2019\/01\/Molli-480x270.jpg 480w, https:\/\/marina-resort.de\/wp-content\/uploads\/2019\/01\/Molli.jpg 1200w\" sizes=\"auto, (max-width: 300px) 100vw, 300px\" \/>\n\t\t\t<\/div>\n\t\t\t\t<figcaption class='wp-caption-text gallery-caption' id='gallery-1-785'>\n\t\t\t\tMit Molli nach Bad Doberan\n\t\t\t\t<\/figcaption><\/figure><figure class='gallery-item'>\n\t\t\t<div class='gallery-icon landscape'>\n\t\t\t\t<img loading=\"lazy\" decoding=\"async\" width=\"300\" height=\"169\" src=\"https:\/\/marina-resort.de\/wp-content\/uploads\/2018\/10\/IGA-Park-Rostock-300x169.jpg\" class=\"attachment-medium size-medium\" alt=\"\" aria-describedby=\"gallery-1-725\" srcset=\"https:\/\/marina-resort.de\/wp-content\/uploads\/2018\/10\/IGA-Park-Rostock-300x169.jpg 300w, https:\/\/marina-resort.de\/wp-content\/uploads\/2018\/10\/IGA-Park-Rostock-768x432.jpg 768w, https:\/\/marina-resort.de\/wp-content\/uploads\/2018\/10\/IGA-Park-Rostock-1024x576.jpg 1024w, https:\/\/marina-resort.de\/wp-content\/uploads\/2018\/10\/IGA-Park-Rostock-830x467.jpg 830w, https:\/\/marina-resort.de\/wp-content\/uploads\/2018\/10\/IGA-Park-Rostock-230x129.jpg 230w, https:\/\/marina-resort.de\/wp-content\/uploads\/2018\/10\/IGA-Park-Rostock-350x197.jpg 350w, https:\/\/marina-resort.de\/wp-content\/uploads\/2018\/10\/IGA-Park-Rostock-480x270.jpg 480w, https:\/\/marina-resort.de\/wp-content\/uploads\/2018\/10\/IGA-Park-Rostock.jpg 1885w\" sizes=\"auto, (max-width: 300px) 100vw, 300px\" \/>\n\t\t\t<\/div>\n\t\t\t\t<figcaption class='wp-caption-text gallery-caption' id='gallery-1-725'>\n\t\t\t\tIGA Park Rostock\n\t\t\t\t<\/figcaption><\/figure><figure class='gallery-item'>\n\t\t\t<div class='gallery-icon landscape'>\n\t\t\t\t<img loading=\"lazy\" decoding=\"async\" width=\"300\" height=\"169\" src=\"https:\/\/marina-resort.de\/wp-content\/uploads\/2016\/05\/Kletterwald-300x169.jpg\" class=\"attachment-medium size-medium\" alt=\"\" aria-describedby=\"gallery-1-651\" srcset=\"https:\/\/marina-resort.de\/wp-content\/uploads\/2016\/05\/Kletterwald-300x169.jpg 300w, https:\/\/marina-resort.de\/wp-content\/uploads\/2016\/05\/Kletterwald-768x432.jpg 768w, https:\/\/marina-resort.de\/wp-content\/uploads\/2016\/05\/Kletterwald-1024x576.jpg 1024w, https:\/\/marina-resort.de\/wp-content\/uploads\/2016\/05\/Kletterwald-830x467.jpg 830w, https:\/\/marina-resort.de\/wp-content\/uploads\/2016\/05\/Kletterwald-230x129.jpg 230w, https:\/\/marina-resort.de\/wp-content\/uploads\/2016\/05\/Kletterwald-350x197.jpg 350w, https:\/\/marina-resort.de\/wp-content\/uploads\/2016\/05\/Kletterwald-480x270.jpg 480w\" sizes=\"auto, (max-width: 300px) 100vw, 300px\" \/>\n\t\t\t<\/div>\n\t\t\t\t<figcaption class='wp-caption-text gallery-caption' id='gallery-1-651'>\n\t\t\t\tKletterwald K\u00fchlungsborn\n\t\t\t\t<\/figcaption><\/figure><figure class='gallery-item'>\n\t\t\t<div class='gallery-icon landscape'>\n\t\t\t\t<img loading=\"lazy\" decoding=\"async\" width=\"300\" height=\"169\" src=\"https:\/\/marina-resort.de\/wp-content\/uploads\/2016\/05\/20160725_123441-300x169.jpg\" class=\"attachment-medium size-medium\" alt=\"\" aria-describedby=\"gallery-1-600\" srcset=\"https:\/\/marina-resort.de\/wp-content\/uploads\/2016\/05\/20160725_123441-300x169.jpg 300w, https:\/\/marina-resort.de\/wp-content\/uploads\/2016\/05\/20160725_123441-768x432.jpg 768w, https:\/\/marina-resort.de\/wp-content\/uploads\/2016\/05\/20160725_123441-1024x576.jpg 1024w, https:\/\/marina-resort.de\/wp-content\/uploads\/2016\/05\/20160725_123441-830x467.jpg 830w, https:\/\/marina-resort.de\/wp-content\/uploads\/2016\/05\/20160725_123441-230x129.jpg 230w, https:\/\/marina-resort.de\/wp-content\/uploads\/2016\/05\/20160725_123441-350x197.jpg 350w, https:\/\/marina-resort.de\/wp-content\/uploads\/2016\/05\/20160725_123441-480x270.jpg 480w\" sizes=\"auto, (max-width: 300px) 100vw, 300px\" \/>\n\t\t\t<\/div>\n\t\t\t\t<figcaption class='wp-caption-text gallery-caption' id='gallery-1-600'>\n\t\t\t\tGalileum Fehmarn\n\t\t\t\t<\/figcaption><\/figure><figure class='gallery-item'>\n\t\t\t<div class='gallery-icon landscape'>\n\t\t\t\t<img loading=\"lazy\" decoding=\"async\" width=\"300\" height=\"169\" src=\"https:\/\/marina-resort.de\/wp-content\/uploads\/2016\/05\/20170723_184930-300x169.jpg\" class=\"attachment-medium size-medium\" alt=\"\" aria-describedby=\"gallery-1-601\" srcset=\"https:\/\/marina-resort.de\/wp-content\/uploads\/2016\/05\/20170723_184930-300x169.jpg 300w, https:\/\/marina-resort.de\/wp-content\/uploads\/2016\/05\/20170723_184930-768x432.jpg 768w, https:\/\/marina-resort.de\/wp-content\/uploads\/2016\/05\/20170723_184930-1024x576.jpg 1024w, https:\/\/marina-resort.de\/wp-content\/uploads\/2016\/05\/20170723_184930-830x467.jpg 830w, https:\/\/marina-resort.de\/wp-content\/uploads\/2016\/05\/20170723_184930-230x129.jpg 230w, https:\/\/marina-resort.de\/wp-content\/uploads\/2016\/05\/20170723_184930-350x197.jpg 350w, https:\/\/marina-resort.de\/wp-content\/uploads\/2016\/05\/20170723_184930-480x270.jpg 480w\" sizes=\"auto, (max-width: 300px) 100vw, 300px\" \/>\n\t\t\t<\/div>\n\t\t\t\t<figcaption class='wp-caption-text gallery-caption' id='gallery-1-601'>\n\t\t\t\tFischereihafen Heiligenhafen\n\t\t\t\t<\/figcaption><\/figure><figure class='gallery-item'>\n\t\t\t<div class='gallery-icon landscape'>\n\t\t\t\t<img loading=\"lazy\" decoding=\"async\" width=\"300\" height=\"180\" src=\"https:\/\/marina-resort.de\/wp-content\/uploads\/2016\/05\/20160516_121906-300x180.jpg\" class=\"attachment-medium size-medium\" alt=\"\" aria-describedby=\"gallery-1-599\" srcset=\"https:\/\/marina-resort.de\/wp-content\/uploads\/2016\/05\/20160516_121906-300x180.jpg 300w, https:\/\/marina-resort.de\/wp-content\/uploads\/2016\/05\/20160516_121906-768x461.jpg 768w, https:\/\/marina-resort.de\/wp-content\/uploads\/2016\/05\/20160516_121906-1024x614.jpg 1024w, https:\/\/marina-resort.de\/wp-content\/uploads\/2016\/05\/20160516_121906-830x498.jpg 830w, https:\/\/marina-resort.de\/wp-content\/uploads\/2016\/05\/20160516_121906-230x138.jpg 230w, https:\/\/marina-resort.de\/wp-content\/uploads\/2016\/05\/20160516_121906-350x210.jpg 350w, https:\/\/marina-resort.de\/wp-content\/uploads\/2016\/05\/20160516_121906-480x288.jpg 480w\" sizes=\"auto, (max-width: 300px) 100vw, 300px\" \/>\n\t\t\t<\/div>\n\t\t\t\t<figcaption class='wp-caption-text gallery-caption' id='gallery-1-599'>\n\t\t\t\tVogelwarte Heiligenhafen auf dem Graswarder\n\t\t\t\t<\/figcaption><\/figure><figure class='gallery-item'>\n\t\t\t<div class='gallery-icon landscape'>\n\t\t\t\t<img loading=\"lazy\" decoding=\"async\" width=\"300\" height=\"169\" src=\"https:\/\/marina-resort.de\/wp-content\/uploads\/2019\/01\/Traditionssegler-Olifant-300x169.jpg\" class=\"attachment-medium size-medium\" alt=\"\" aria-describedby=\"gallery-1-799\" srcset=\"https:\/\/marina-resort.de\/wp-content\/uploads\/2019\/01\/Traditionssegler-Olifant-300x169.jpg 300w, https:\/\/marina-resort.de\/wp-content\/uploads\/2019\/01\/Traditionssegler-Olifant-768x432.jpg 768w, https:\/\/marina-resort.de\/wp-content\/uploads\/2019\/01\/Traditionssegler-Olifant-1024x576.jpg 1024w, https:\/\/marina-resort.de\/wp-content\/uploads\/2019\/01\/Traditionssegler-Olifant-830x467.jpg 830w, https:\/\/marina-resort.de\/wp-content\/uploads\/2019\/01\/Traditionssegler-Olifant-230x129.jpg 230w, https:\/\/marina-resort.de\/wp-content\/uploads\/2019\/01\/Traditionssegler-Olifant-350x197.jpg 350w, https:\/\/marina-resort.de\/wp-content\/uploads\/2019\/01\/Traditionssegler-Olifant-480x270.jpg 480w, https:\/\/marina-resort.de\/wp-content\/uploads\/2019\/01\/Traditionssegler-Olifant-e1548586453352.jpg 1920w\" sizes=\"auto, (max-width: 300px) 100vw, 300px\" \/>\n\t\t\t<\/div>\n\t\t\t\t<figcaption class='wp-caption-text gallery-caption' id='gallery-1-799'>\n\t\t\t\tSegeltour mit dem Traditionssegler\n\t\t\t\t<\/figcaption><\/figure><figure class='gallery-item'>\n\t\t\t<div class='gallery-icon landscape'>\n\t\t\t\t<img loading=\"lazy\" decoding=\"async\" width=\"300\" height=\"169\" src=\"https:\/\/marina-resort.de\/wp-content\/uploads\/2019\/06\/Meereswelten-300x169.jpg\" class=\"attachment-medium size-medium\" alt=\"\" aria-describedby=\"gallery-1-825\" srcset=\"https:\/\/marina-resort.de\/wp-content\/uploads\/2019\/06\/Meereswelten-300x169.jpg 300w, https:\/\/marina-resort.de\/wp-content\/uploads\/2019\/06\/Meereswelten-230x130.jpg 230w, https:\/\/marina-resort.de\/wp-content\/uploads\/2019\/06\/Meereswelten-350x197.jpg 350w, https:\/\/marina-resort.de\/wp-content\/uploads\/2019\/06\/Meereswelten-480x270.jpg 480w, https:\/\/marina-resort.de\/wp-content\/uploads\/2019\/06\/Meereswelten.jpg 666w\" sizes=\"auto, (max-width: 300px) 100vw, 300px\" \/>\n\t\t\t<\/div>\n\t\t\t\t<figcaption class='wp-caption-text gallery-caption' id='gallery-1-825'>\n\t\t\t\tOstsee Erlebniswelten\n\t\t\t\t<\/figcaption><\/figure><figure class='gallery-item'>\n\t\t\t<div class='gallery-icon landscape'>\n\t\t\t\t<img loading=\"lazy\" decoding=\"async\" width=\"300\" height=\"216\" src=\"https:\/\/marina-resort.de\/wp-content\/uploads\/2020\/10\/Minigolf-300x216.jpg\" class=\"attachment-medium size-medium\" alt=\"\" aria-describedby=\"gallery-1-873\" srcset=\"https:\/\/marina-resort.de\/wp-content\/uploads\/2020\/10\/Minigolf-300x216.jpg 300w, https:\/\/marina-resort.de\/wp-content\/uploads\/2020\/10\/Minigolf-1024x736.jpg 1024w, https:\/\/marina-resort.de\/wp-content\/uploads\/2020\/10\/Minigolf-768x552.jpg 768w, https:\/\/marina-resort.de\/wp-content\/uploads\/2020\/10\/Minigolf-830x596.jpg 830w, https:\/\/marina-resort.de\/wp-content\/uploads\/2020\/10\/Minigolf-230x165.jpg 230w, https:\/\/marina-resort.de\/wp-content\/uploads\/2020\/10\/Minigolf-350x251.jpg 350w, https:\/\/marina-resort.de\/wp-content\/uploads\/2020\/10\/Minigolf-480x345.jpg 480w, https:\/\/marina-resort.de\/wp-content\/uploads\/2020\/10\/Minigolf.jpg 1094w\" sizes=\"auto, (max-width: 300px) 100vw, 300px\" \/>\n\t\t\t<\/div>\n\t\t\t\t<figcaption class='wp-caption-text gallery-caption' id='gallery-1-873'>\n\t\t\t\tAdventure Golf Heiligenhafen\n\t\t\t\t<\/figcaption><\/figure>\n\t\t<\/div>\n\n","protected":false},"excerpt":{"rendered":"<p>Liebe G\u00e4ste, Entdecken Sie die Ostseeregion. Auf Sie warten viele Aktivit\u00e4ten, Ruhe und Entspannung und ein umfangreiches Kulturangebot. Wir haben f\u00fcr Sie [&hellip;]<\/p>\n","protected":false},"author":1,"featured_media":0,"parent":0,"menu_order":10,"comment_status":"closed","ping_status":"closed","template":"page-templates\/page_fullwidth.php","meta":{"footnotes":""},"class_list":["post-508","page","type-page","status-publish","hentry"],"_links":{"self":[{"href":"https:\/\/marina-resort.de\/index.php?rest_route=\/wp\/v2\/pages\/508","targetHints":{"allow":["GET"]}}],"collection":[{"href":"https:\/\/marina-resort.de\/index.php?rest_route=\/wp\/v2\/pages"}],"about":[{"href":"https:\/\/marina-resort.de\/index.php?rest_route=\/wp\/v2\/types\/page"}],"author":[{"embeddable":true,"href":"https:\/\/marina-resort.de\/index.php?rest_route=\/wp\/v2\/users\/1"}],"replies":[{"embeddable":true,"href":"https:\/\/marina-resort.de\/index.php?rest_route=%2Fwp%2Fv2%2Fcomments&post=508"}],"version-history":[{"count":27,"href":"https:\/\/marina-resort.de\/index.php?rest_route=\/wp\/v2\/pages\/508\/revisions"}],"predecessor-version":[{"id":874,"href":"https:\/\/marina-resort.de\/index.php?rest_route=\/wp\/v2\/pages\/508\/revisions\/874"}],"wp:attachment":[{"href":"https:\/\/marina-resort.de\/index.php?rest_route=%2Fwp%2Fv2%2Fmedia&parent=508"}],"curies":[{"name":"wp","href":"https:\/\/api.w.org\/{rel}","templated":true}]}}